{"id":14,"date":"2024-09-25T07:38:46","date_gmt":"2024-09-25T07:38:46","guid":{"rendered":"https:\/\/lagunaa.com\/offerings\/"},"modified":"2024-12-18T06:42:26","modified_gmt":"2024-12-18T06:42:26","slug":"vision","status":"publish","type":"page","link":"https:\/\/lagunaa.com\/en\/vision\/","title":{"rendered":"Company vision"},"content":{"rendered":"<div data-elementor-type=\"wp-page\" data-elementor-id=\"14\" class=\"elementor elementor-14\">\n\t\t\t\t<div class=\"elementor-element elementor-element-be4946a e-flex e-con-boxed e-con e-parent\" data-id=\"be4946a\" data-element_type=\"container\" data-e-type=\"container\" data-settings=\"{&quot;background_background&quot;:&quot;classic&quot;}\">\n\t\t\t\t\t<div class=\"e-con-inner\">\n\t\t\t\t<div class=\"elementor-element elementor-element-2a5fe3d elementor-widget__width-initial elementor-widget elementor-widget-heading\" data-id=\"2a5fe3d\" data-element_type=\"widget\" data-e-type=\"widget\" data-widget_type=\"heading.default\">\n\t\t\t\t<div class=\"elementor-widget-container\">\n\t\t\t\t\t<h1 class=\"elementor-heading-title elementor-size-default\">Our Vision<\/h1>\t\t\t\t<\/div>\n\t\t\t\t<\/div>\n\t\t\t\t\t<\/div>\n\t\t\t\t<\/div>\n\t\t<div class=\"elementor-element elementor-element-35d5b7d e-flex e-con-boxed e-con e-parent\" data-id=\"35d5b7d\" data-element_type=\"container\" data-e-type=\"container\">\n\t\t\t\t\t<div class=\"e-con-inner\">\n\t\t<div class=\"elementor-element elementor-element-f9dbcef e-grid e-con-full e-con e-child\" data-id=\"f9dbcef\" data-element_type=\"container\" data-e-type=\"container\" data-settings=\"{&quot;background_background&quot;:&quot;classic&quot;}\">\n\t\t\t\t<div class=\"elementor-element elementor-element-5b3e10d elementor-position-left elementor-vertical-align-middle elementor-widget elementor-widget-image-box\" data-id=\"5b3e10d\" data-element_type=\"widget\" data-e-type=\"widget\" data-widget_type=\"image-box.default\">\n\t\t\t\t<div class=\"elementor-widget-container\">\n\t\t\t\t\t<div class=\"elementor-image-box-wrapper\"><figure class=\"elementor-image-box-img\"><img fetchpriority=\"high\" decoding=\"async\" width=\"835\" height=\"835\" src=\"https:\/\/lagunaa.com\/wp-content\/uploads\/2024\/10\/iStock-2054536628-e1733842001347.jpg\" class=\"attachment-full size-full wp-image-1657\" alt=\"\" srcset=\"https:\/\/lagunaa.com\/wp-content\/uploads\/2024\/10\/iStock-2054536628-e1733842001347.jpg 835w, https:\/\/lagunaa.com\/wp-content\/uploads\/2024\/10\/iStock-2054536628-e1733842001347-300x300.jpg 300w, https:\/\/lagunaa.com\/wp-content\/uploads\/2024\/10\/iStock-2054536628-e1733842001347-150x150.jpg 150w, https:\/\/lagunaa.com\/wp-content\/uploads\/2024\/10\/iStock-2054536628-e1733842001347-768x768.jpg 768w, https:\/\/lagunaa.com\/wp-content\/uploads\/2024\/10\/iStock-2054536628-e1733842001347-12x12.jpg 12w\" sizes=\"(max-width: 835px) 100vw, 835px\" \/><\/figure><div class=\"elementor-image-box-content\"><p class=\"elementor-image-box-description\">Ser la marca m\u00e1s confiable en todas nuestras divisiones, ofreciendo excelencia en gases comprimidos industriales y m\u00e9dicos, productos de alta calidad, soluciones sustentables para desechos met\u00e1licos y agua filtrada de primera calidad. \n\n<p><p>Nos esforzamos por liderar a trav\u00e9s de la innovaci\u00f3n, impulsando el progreso y creando valor en cada industria y comunidad a la que prestamos servicios.<\/p><\/div><\/div>\t\t\t\t<\/div>\n\t\t\t\t<\/div>\n\t\t\t\t<\/div>\n\t\t\t\t\t<\/div>\n\t\t\t\t<\/div>\n\t\t\t\t<\/div>","protected":false},"excerpt":{"rendered":"<p>Nuestra Visi\u00f3n Ser la marca m\u00e1s confiable en todas nuestras divisiones, ofreciendo excelencia en gases comprimidos industriales y m\u00e9dicos, productos [&hellip;]<\/p>\n","protected":false},"author":1,"featured_media":0,"parent":0,"menu_order":0,"comment_status":"closed","ping_status":"closed","template":"","meta":{"site-sidebar-layout":"no-sidebar","site-content-layout":"","ast-site-content-layout":"full-width-container","site-content-style":"default","site-sidebar-style":"default","ast-global-header-display":"","ast-banner-title-visibility":"","ast-main-header-display":"","ast-hfb-above-header-display":"","ast-hfb-below-header-display":"","ast-hfb-mobile-header-display":"","site-post-title":"disabled","ast-breadcrumbs-content":"","ast-featured-img":"disabled","footer-sml-layout":"","ast-disable-related-posts":"","theme-transparent-header-meta":"enabled","adv-header-id-meta":"","stick-header-meta":"","header-above-stick-meta":"","header-main-stick-meta":"","header-below-stick-meta":"","astra-migrate-meta-layouts":"default","ast-page-background-enabled":"default","ast-page-background-meta":{"desktop":{"background-color":"var(--ast-global-color-4)","background-image":"","background-repeat":"repeat","background-position":"center center","background-size":"auto","background-attachment":"scroll","background-type":"","background-media":"","overlay-type":"","overlay-color":"","overlay-opacity":"","overlay-gradient":""},"tablet":{"background-color":"","background-image":"","background-repeat":"repeat","background-position":"center center","background-size":"auto","background-attachment":"scroll","background-type":"","background-media":"","overlay-type":"","overlay-color":"","overlay-opacity":"","overlay-gradient":""},"mobile":{"background-color":"","background-image":"","background-repeat":"repeat","background-position":"center center","background-size":"auto","background-attachment":"scroll","background-type":"","background-media":"","overlay-type":"","overlay-color":"","overlay-opacity":"","overlay-gradient":""}},"ast-content-background-meta":{"desktop":{"background-color":"var(--ast-global-color-5)","background-image":"","background-repeat":"repeat","background-position":"center center","background-size":"auto","background-attachment":"scroll","background-type":"","background-media":"","overlay-type":"","overlay-color":"","overlay-opacity":"","overlay-gradient":""},"tablet":{"background-color":"var(--ast-global-color-5)","background-image":"","background-repeat":"repeat","background-position":"center center","background-size":"auto","background-attachment":"scroll","background-type":"","background-media":"","overlay-type":"","overlay-color":"","overlay-opacity":"","overlay-gradient":""},"mobile":{"background-color":"var(--ast-global-color-5)","background-image":"","background-repeat":"repeat","background-position":"center center","background-size":"auto","background-attachment":"scroll","background-type":"","background-media":"","overlay-type":"","overlay-color":"","overlay-opacity":"","overlay-gradient":""}},"footnotes":""},"class_list":["post-14","page","type-page","status-publish","hentry"],"yoast_head":"<!-- This site is optimized with the Yoast SEO plugin v27.4 - https:\/\/yoast.com\/product\/yoast-seo-wordpress\/ -->\n<title>Company vision - Laguna Azul S.R.L.<\/title>\n<meta name=\"description\" content=\"Nuestra Visi\u00f3n\" \/>\n<meta name=\"robots\" content=\"index, follow, max-snippet:-1, max-image-preview:large, max-video-preview:-1\" \/>\n<link rel=\"canonical\" href=\"https:\/\/lagunaa.com\/en\/vision\/\" \/>\n<meta property=\"og:locale\" content=\"en_US\" \/>\n<meta property=\"og:type\" content=\"article\" \/>\n<meta property=\"og:title\" content=\"Company vision - Laguna Azul S.R.L.\" \/>\n<meta property=\"og:description\" content=\"Nuestra Visi\u00f3n\" \/>\n<meta property=\"og:url\" content=\"https:\/\/lagunaa.com\/en\/vision\/\" \/>\n<meta property=\"og:site_name\" content=\"Laguna Azul S.R.L.\" \/>\n<meta property=\"article:modified_time\" content=\"2024-12-18T06:42:26+00:00\" \/>\n<meta property=\"og:image\" content=\"https:\/\/lagunaa.com\/wp-content\/uploads\/2024\/10\/iStock-2054536628-e1733842001347.jpg\" \/>\n<meta name=\"twitter:card\" content=\"summary_large_image\" \/>\n<meta name=\"twitter:label1\" content=\"Est. reading time\" \/>\n\t<meta name=\"twitter:data1\" content=\"1 minute\" \/>\n<script type=\"application\/ld+json\" class=\"yoast-schema-graph\">{\"@context\":\"https:\\\/\\\/schema.org\",\"@graph\":[{\"@type\":\"WebPage\",\"@id\":\"https:\\\/\\\/lagunaa.com\\\/vision\\\/\",\"url\":\"https:\\\/\\\/lagunaa.com\\\/vision\\\/\",\"name\":\"Company vision - Laguna Azul S.R.L.\",\"isPartOf\":{\"@id\":\"https:\\\/\\\/lagunaa.com\\\/#website\"},\"primaryImageOfPage\":{\"@id\":\"https:\\\/\\\/lagunaa.com\\\/vision\\\/#primaryimage\"},\"image\":{\"@id\":\"https:\\\/\\\/lagunaa.com\\\/vision\\\/#primaryimage\"},\"thumbnailUrl\":\"https:\\\/\\\/lagunaa.com\\\/wp-content\\\/uploads\\\/2024\\\/10\\\/iStock-2054536628-e1733842001347.jpg\",\"datePublished\":\"2024-09-25T07:38:46+00:00\",\"dateModified\":\"2024-12-18T06:42:26+00:00\",\"description\":\"Nuestra Visi\u00f3n\",\"breadcrumb\":{\"@id\":\"https:\\\/\\\/lagunaa.com\\\/vision\\\/#breadcrumb\"},\"inLanguage\":\"en-US\",\"potentialAction\":[{\"@type\":\"ReadAction\",\"target\":[\"https:\\\/\\\/lagunaa.com\\\/vision\\\/\"]}]},{\"@type\":\"ImageObject\",\"inLanguage\":\"en-US\",\"@id\":\"https:\\\/\\\/lagunaa.com\\\/vision\\\/#primaryimage\",\"url\":\"https:\\\/\\\/lagunaa.com\\\/wp-content\\\/uploads\\\/2024\\\/10\\\/iStock-2054536628-e1733842001347.jpg\",\"contentUrl\":\"https:\\\/\\\/lagunaa.com\\\/wp-content\\\/uploads\\\/2024\\\/10\\\/iStock-2054536628-e1733842001347.jpg\"},{\"@type\":\"BreadcrumbList\",\"@id\":\"https:\\\/\\\/lagunaa.com\\\/vision\\\/#breadcrumb\",\"itemListElement\":[{\"@type\":\"ListItem\",\"position\":1,\"name\":\"Home\",\"item\":\"https:\\\/\\\/lagunaa.com\\\/\"},{\"@type\":\"ListItem\",\"position\":2,\"name\":\"Company vision\"}]},{\"@type\":\"WebSite\",\"@id\":\"https:\\\/\\\/lagunaa.com\\\/#website\",\"url\":\"https:\\\/\\\/lagunaa.com\\\/\",\"name\":\"Laguna Azul S.R.L.\",\"description\":\"\",\"publisher\":{\"@id\":\"https:\\\/\\\/lagunaa.com\\\/#organization\"},\"potentialAction\":[{\"@type\":\"SearchAction\",\"target\":{\"@type\":\"EntryPoint\",\"urlTemplate\":\"https:\\\/\\\/lagunaa.com\\\/?s={search_term_string}\"},\"query-input\":{\"@type\":\"PropertyValueSpecification\",\"valueRequired\":true,\"valueName\":\"search_term_string\"}}],\"inLanguage\":\"en-US\"},{\"@type\":\"Organization\",\"@id\":\"https:\\\/\\\/lagunaa.com\\\/#organization\",\"name\":\"Laguna Azul S.R.L.\",\"url\":\"https:\\\/\\\/lagunaa.com\\\/\",\"logo\":{\"@type\":\"ImageObject\",\"inLanguage\":\"en-US\",\"@id\":\"https:\\\/\\\/lagunaa.com\\\/#\\\/schema\\\/logo\\\/image\\\/\",\"url\":\"https:\\\/\\\/lagunaa.com\\\/wp-content\\\/uploads\\\/2025\\\/02\\\/cropped-cropped-Laguna-Oxigeno-High-res-Logo-optimized.jpg\",\"contentUrl\":\"https:\\\/\\\/lagunaa.com\\\/wp-content\\\/uploads\\\/2025\\\/02\\\/cropped-cropped-Laguna-Oxigeno-High-res-Logo-optimized.jpg\",\"width\":512,\"height\":512,\"caption\":\"Laguna Azul S.R.L.\"},\"image\":{\"@id\":\"https:\\\/\\\/lagunaa.com\\\/#\\\/schema\\\/logo\\\/image\\\/\"}}]}<\/script>\n<!-- \/ Yoast SEO plugin. -->","yoast_head_json":{"title":"Company vision - Laguna Azul S.R.L.","description":"Our Vision","robots":{"index":"index","follow":"follow","max-snippet":"max-snippet:-1","max-image-preview":"max-image-preview:large","max-video-preview":"max-video-preview:-1"},"canonical":"https:\/\/lagunaa.com\/en\/vision\/","og_locale":"en_US","og_type":"article","og_title":"Company vision - Laguna Azul S.R.L.","og_description":"Nuestra Visi\u00f3n","og_url":"https:\/\/lagunaa.com\/en\/vision\/","og_site_name":"Laguna Azul S.R.L.","article_modified_time":"2024-12-18T06:42:26+00:00","og_image":[{"url":"https:\/\/lagunaa.com\/wp-content\/uploads\/2024\/10\/iStock-2054536628-e1733842001347.jpg","type":"","width":"","height":""}],"twitter_card":"summary_large_image","twitter_misc":{"Est. reading time":"1 minute"},"schema":{"@context":"https:\/\/schema.org","@graph":[{"@type":"WebPage","@id":"https:\/\/lagunaa.com\/vision\/","url":"https:\/\/lagunaa.com\/vision\/","name":"Company vision - Laguna Azul S.R.L.","isPartOf":{"@id":"https:\/\/lagunaa.com\/#website"},"primaryImageOfPage":{"@id":"https:\/\/lagunaa.com\/vision\/#primaryimage"},"image":{"@id":"https:\/\/lagunaa.com\/vision\/#primaryimage"},"thumbnailUrl":"https:\/\/lagunaa.com\/wp-content\/uploads\/2024\/10\/iStock-2054536628-e1733842001347.jpg","datePublished":"2024-09-25T07:38:46+00:00","dateModified":"2024-12-18T06:42:26+00:00","description":"Our Vision","breadcrumb":{"@id":"https:\/\/lagunaa.com\/vision\/#breadcrumb"},"inLanguage":"en-US","potentialAction":[{"@type":"ReadAction","target":["https:\/\/lagunaa.com\/vision\/"]}]},{"@type":"ImageObject","inLanguage":"en-US","@id":"https:\/\/lagunaa.com\/vision\/#primaryimage","url":"https:\/\/lagunaa.com\/wp-content\/uploads\/2024\/10\/iStock-2054536628-e1733842001347.jpg","contentUrl":"https:\/\/lagunaa.com\/wp-content\/uploads\/2024\/10\/iStock-2054536628-e1733842001347.jpg"},{"@type":"BreadcrumbList","@id":"https:\/\/lagunaa.com\/vision\/#breadcrumb","itemListElement":[{"@type":"ListItem","position":1,"name":"Home","item":"https:\/\/lagunaa.com\/"},{"@type":"ListItem","position":2,"name":"Company vision"}]},{"@type":"WebSite","@id":"https:\/\/lagunaa.com\/#website","url":"https:\/\/lagunaa.com\/","name":"Laguna Azul S.R.L.","description":"","publisher":{"@id":"https:\/\/lagunaa.com\/#organization"},"potentialAction":[{"@type":"SearchAction","target":{"@type":"EntryPoint","urlTemplate":"https:\/\/lagunaa.com\/?s={search_term_string}"},"query-input":{"@type":"PropertyValueSpecification","valueRequired":true,"valueName":"search_term_string"}}],"inLanguage":"en-US"},{"@type":"Organization","@id":"https:\/\/lagunaa.com\/#organization","name":"Laguna Azul S.R.L.","url":"https:\/\/lagunaa.com\/","logo":{"@type":"ImageObject","inLanguage":"en-US","@id":"https:\/\/lagunaa.com\/#\/schema\/logo\/image\/","url":"https:\/\/lagunaa.com\/wp-content\/uploads\/2025\/02\/cropped-cropped-Laguna-Oxigeno-High-res-Logo-optimized.jpg","contentUrl":"https:\/\/lagunaa.com\/wp-content\/uploads\/2025\/02\/cropped-cropped-Laguna-Oxigeno-High-res-Logo-optimized.jpg","width":512,"height":512,"caption":"Laguna Azul S.R.L."},"image":{"@id":"https:\/\/lagunaa.com\/#\/schema\/logo\/image\/"}}]}},"rttpg_featured_image_url":null,"rttpg_author":{"display_name":"admin","author_link":"https:\/\/lagunaa.com\/en\/author\/admin\/"},"rttpg_comment":0,"rttpg_category":null,"rttpg_excerpt":"Nuestra Visi\u00f3n Ser la marca m\u00e1s confiable en todas nuestras divisiones, ofreciendo excelencia en gases comprimidos industriales y m\u00e9dicos, productos [&hellip;]","_links":{"self":[{"href":"https:\/\/lagunaa.com\/en\/wp-json\/wp\/v2\/pages\/14","targetHints":{"allow":["GET"]}}],"collection":[{"href":"https:\/\/lagunaa.com\/en\/wp-json\/wp\/v2\/pages"}],"about":[{"href":"https:\/\/lagunaa.com\/en\/wp-json\/wp\/v2\/types\/page"}],"author":[{"embeddable":true,"href":"https:\/\/lagunaa.com\/en\/wp-json\/wp\/v2\/users\/1"}],"replies":[{"embeddable":true,"href":"https:\/\/lagunaa.com\/en\/wp-json\/wp\/v2\/comments?post=14"}],"version-history":[{"count":84,"href":"https:\/\/lagunaa.com\/en\/wp-json\/wp\/v2\/pages\/14\/revisions"}],"predecessor-version":[{"id":3424,"href":"https:\/\/lagunaa.com\/en\/wp-json\/wp\/v2\/pages\/14\/revisions\/3424"}],"wp:attachment":[{"href":"https:\/\/lagunaa.com\/en\/wp-json\/wp\/v2\/media?parent=14"}],"curies":[{"name":"wp","href":"https:\/\/api.w.org\/{rel}","templated":true}]}}