{"id":1170,"date":"2024-09-25T08:10:13","date_gmt":"2024-09-25T08:10:13","guid":{"rendered":"https:\/\/lagunaa.com\/?page_id=1170"},"modified":"2024-12-18T06:40:46","modified_gmt":"2024-12-18T06:40:46","slug":"services","status":"publish","type":"page","link":"https:\/\/lagunaa.com\/en\/services\/","title":{"rendered":"Services Range"},"content":{"rendered":"<div data-elementor-type=\"wp-page\" data-elementor-id=\"1170\" class=\"elementor elementor-1170\">\n\t\t\t\t<div class=\"elementor-element elementor-element-ca94023 e-con-full e-flex e-con e-parent\" data-id=\"ca94023\" data-element_type=\"container\" data-e-type=\"container\" data-settings=\"{&quot;background_background&quot;:&quot;classic&quot;}\">\n\t\t\t\t<\/div>\n\t\t<div class=\"elementor-element elementor-element-f184a21 e-flex e-con-boxed e-con e-parent\" data-id=\"f184a21\" data-element_type=\"container\" data-e-type=\"container\" data-settings=\"{&quot;background_background&quot;:&quot;classic&quot;}\">\n\t\t\t\t\t<div class=\"e-con-inner\">\n\t\t<div class=\"elementor-element elementor-element-100bef9 e-con-full e-flex e-con e-child\" data-id=\"100bef9\" data-element_type=\"container\" data-e-type=\"container\">\n\t\t\t\t<div class=\"elementor-element elementor-element-d80c2dd elementor-widget__width-initial elementor-widget elementor-widget-image\" data-id=\"d80c2dd\" data-element_type=\"widget\" data-e-type=\"widget\" data-widget_type=\"image.default\">\n\t\t\t\t<div class=\"elementor-widget-container\">\n\t\t\t\t\t\t\t\t\t\t\t\t\t\t\t<img fetchpriority=\"high\" decoding=\"async\" width=\"602\" height=\"613\" src=\"https:\/\/lagunaa.com\/wp-content\/uploads\/2024\/10\/Group-37.png\" class=\"attachment-full size-full wp-image-1395\" alt=\"\" srcset=\"https:\/\/lagunaa.com\/wp-content\/uploads\/2024\/10\/Group-37.png 602w, https:\/\/lagunaa.com\/wp-content\/uploads\/2024\/10\/Group-37-295x300.png 295w\" sizes=\"(max-width: 602px) 100vw, 602px\" \/>\t\t\t\t\t\t\t\t\t\t\t\t\t\t\t<\/div>\n\t\t\t\t<\/div>\n\t\t\t\t<\/div>\n\t\t<div class=\"elementor-element elementor-element-6548f07 e-con-full e-flex e-con e-child\" data-id=\"6548f07\" data-element_type=\"container\" data-e-type=\"container\">\n\t\t\t\t<div class=\"elementor-element elementor-element-94a9995 elementor-widget__width-initial elementor-widget elementor-widget-heading\" data-id=\"94a9995\" data-element_type=\"widget\" data-e-type=\"widget\" data-widget_type=\"heading.default\">\n\t\t\t\t<div class=\"elementor-widget-container\">\n\t\t\t\t\t<h2 class=\"elementor-heading-title elementor-size-default\">Compressed Gases Division<br>(Laguna Azul S.R.L.)<\/h2>\t\t\t\t<\/div>\n\t\t\t\t<\/div>\n\t\t\t\t<div class=\"elementor-element elementor-element-717781e elementor-widget elementor-widget-text-editor\" data-id=\"717781e\" data-element_type=\"widget\" data-e-type=\"widget\" data-widget_type=\"text-editor.default\">\n\t\t\t\t<div class=\"elementor-widget-container\">\n\t\t\t\t\t\t\t\t\t<ul><li><strong>Industrial Gas Supply<\/strong>: Delivery of compressed gases like oxygen, nitrogen, argon and carbon dioxide for industrial use.<\/li><\/ul>\t\t\t\t\t\t\t\t<\/div>\n\t\t\t\t<\/div>\n\t\t\t\t<div class=\"elementor-element elementor-element-a276f36 elementor-widget elementor-widget-text-editor\" data-id=\"a276f36\" data-element_type=\"widget\" data-e-type=\"widget\" data-widget_type=\"text-editor.default\">\n\t\t\t\t<div class=\"elementor-widget-container\">\n\t\t\t\t\t\t\t\t\t<ul><li><strong>Medical Gases<\/strong>: Supply of medical-grade oxygen and other gases to hospitals and clinics.<\/li><\/ul>\t\t\t\t\t\t\t\t<\/div>\n\t\t\t\t<\/div>\n\t\t\t\t<div class=\"elementor-element elementor-element-c93a145 elementor-widget elementor-widget-text-editor\" data-id=\"c93a145\" data-element_type=\"widget\" data-e-type=\"widget\" data-widget_type=\"text-editor.default\">\n\t\t\t\t<div class=\"elementor-widget-container\">\n\t\t\t\t\t\t\t\t\t<ul><li class=\"translation-block\"><strong>Gas Cylinder Leasing &amp; Refill Services:<\/strong> Leasing cylinders to clients and providing refill options.<\/li><\/ul>\t\t\t\t\t\t\t\t<\/div>\n\t\t\t\t<\/div>\n\t\t\t\t<div class=\"elementor-element elementor-element-c27c75e elementor-widget elementor-widget-text-editor\" data-id=\"c27c75e\" data-element_type=\"widget\" data-e-type=\"widget\" data-widget_type=\"text-editor.default\">\n\t\t\t\t<div class=\"elementor-widget-container\">\n\t\t\t\t\t\t\t\t\t<ul><li><strong>Custom Gas Mixtures<\/strong>: Providing specific gas mixtures tailored to industries like welding, food processing, or medical applications.<\/li><\/ul>\t\t\t\t\t\t\t\t<\/div>\n\t\t\t\t<\/div>\n\t\t\t\t<div class=\"elementor-element elementor-element-c42560a elementor-widget elementor-widget-text-editor\" data-id=\"c42560a\" data-element_type=\"widget\" data-e-type=\"widget\" data-widget_type=\"text-editor.default\">\n\t\t\t\t<div class=\"elementor-widget-container\">\n\t\t\t\t\t\t\t\t\t<ul><li><strong>Thermo Gas Delivery &amp; Solutions: <\/strong>Large-scale delivery of thermo\/liquid gases for major clients.<\/li><\/ul>\t\t\t\t\t\t\t\t<\/div>\n\t\t\t\t<\/div>\n\t\t\t\t<\/div>\n\t\t\t\t\t<\/div>\n\t\t\t\t<\/div>\n\t\t<div class=\"elementor-element elementor-element-8710e77 e-flex e-con-boxed e-con e-parent\" data-id=\"8710e77\" data-element_type=\"container\" data-e-type=\"container\">\n\t\t\t\t\t<div class=\"e-con-inner\">\n\t\t<div class=\"elementor-element elementor-element-9923d9f e-con-full e-flex e-con e-child\" data-id=\"9923d9f\" data-element_type=\"container\" data-e-type=\"container\">\n\t\t\t\t<div class=\"elementor-element elementor-element-6ba829a elementor-widget elementor-widget-text-editor\" data-id=\"6ba829a\" data-element_type=\"widget\" data-e-type=\"widget\" data-widget_type=\"text-editor.default\">\n\t\t\t\t<div class=\"elementor-widget-container\">\n\t\t\t\t\t\t\t\t\t<ul><li><strong>Bulk Water Delivery<\/strong>: Large-scale water supply for events, hotels, and other institutions.<\/li><\/ul>\t\t\t\t\t\t\t\t<\/div>\n\t\t\t\t<\/div>\n\t\t\t\t<div class=\"elementor-element elementor-element-178a5c4 elementor-widget__width-initial elementor-widget elementor-widget-heading\" data-id=\"178a5c4\" data-element_type=\"widget\" data-e-type=\"widget\" data-widget_type=\"heading.default\">\n\t\t\t\t<div class=\"elementor-widget-container\">\n\t\t\t\t\t<h2 class=\"elementor-heading-title elementor-size-default\">Filtered Water Division (Agua Arroyo Azul)<\/h2>\t\t\t\t<\/div>\n\t\t\t\t<\/div>\n\t\t\t\t<div class=\"elementor-element elementor-element-5a8ac24 elementor-widget elementor-widget-text-editor\" data-id=\"5a8ac24\" data-element_type=\"widget\" data-e-type=\"widget\" data-widget_type=\"text-editor.default\">\n\t\t\t\t<div class=\"elementor-widget-container\">\n\t\t\t\t\t\t\t\t\t<ul><li><strong>Bottled Drinking Water<\/strong>: Delivery and distribution of purified bottled water to homes, offices, and businesses.<\/li><\/ul>\t\t\t\t\t\t\t\t<\/div>\n\t\t\t\t<\/div>\n\t\t\t\t<div class=\"elementor-element elementor-element-88552d7 elementor-widget elementor-widget-text-editor\" data-id=\"88552d7\" data-element_type=\"widget\" data-e-type=\"widget\" data-widget_type=\"text-editor.default\">\n\t\t\t\t<div class=\"elementor-widget-container\">\n\t\t\t\t\t\t\t\t\t<ul><li><strong>Water Dispenser Services<\/strong>: Rental and maintenance of water gallons for homes and offices.<\/li><\/ul>\t\t\t\t\t\t\t\t<\/div>\n\t\t\t\t<\/div>\n\t\t\t\t<\/div>\n\t\t<div class=\"elementor-element elementor-element-ae4ae8f e-con-full e-flex e-con e-child\" data-id=\"ae4ae8f\" data-element_type=\"container\" data-e-type=\"container\">\n\t\t\t\t<div class=\"elementor-element elementor-element-423310c elementor-widget__width-initial elementor-widget elementor-widget-image\" data-id=\"423310c\" data-element_type=\"widget\" data-e-type=\"widget\" data-widget_type=\"image.default\">\n\t\t\t\t<div class=\"elementor-widget-container\">\n\t\t\t\t\t\t\t\t\t\t\t\t\t\t\t<img decoding=\"async\" width=\"638\" height=\"633\" src=\"https:\/\/lagunaa.com\/wp-content\/uploads\/2024\/10\/Group-36.png\" class=\"attachment-full size-full wp-image-1394\" alt=\"\" srcset=\"https:\/\/lagunaa.com\/wp-content\/uploads\/2024\/10\/Group-36.png 638w, https:\/\/lagunaa.com\/wp-content\/uploads\/2024\/10\/Group-36-300x298.png 300w, https:\/\/lagunaa.com\/wp-content\/uploads\/2024\/10\/Group-36-150x150.png 150w\" sizes=\"(max-width: 638px) 100vw, 638px\" \/>\t\t\t\t\t\t\t\t\t\t\t\t\t\t\t<\/div>\n\t\t\t\t<\/div>\n\t\t\t\t<\/div>\n\t\t\t\t\t<\/div>\n\t\t\t\t<\/div>\n\t\t<div class=\"elementor-element elementor-element-cd7bbc6 e-flex e-con-boxed e-con e-parent\" data-id=\"cd7bbc6\" data-element_type=\"container\" data-e-type=\"container\" data-settings=\"{&quot;background_background&quot;:&quot;classic&quot;}\">\n\t\t\t\t\t<div class=\"e-con-inner\">\n\t\t<div class=\"elementor-element elementor-element-ce73dc2 e-con-full e-flex e-con e-child\" data-id=\"ce73dc2\" data-element_type=\"container\" data-e-type=\"container\">\n\t\t\t\t<div class=\"elementor-element elementor-element-55d202a elementor-widget__width-initial elementor-widget elementor-widget-image\" data-id=\"55d202a\" data-element_type=\"widget\" data-e-type=\"widget\" data-widget_type=\"image.default\">\n\t\t\t\t<div class=\"elementor-widget-container\">\n\t\t\t\t\t\t\t\t\t\t\t\t\t\t\t<img decoding=\"async\" width=\"602\" height=\"613\" src=\"https:\/\/lagunaa.com\/wp-content\/uploads\/2024\/10\/Group-37-1.png\" class=\"attachment-full size-full wp-image-1399\" alt=\"\" srcset=\"https:\/\/lagunaa.com\/wp-content\/uploads\/2024\/10\/Group-37-1.png 602w, https:\/\/lagunaa.com\/wp-content\/uploads\/2024\/10\/Group-37-1-295x300.png 295w\" sizes=\"(max-width: 602px) 100vw, 602px\" \/>\t\t\t\t\t\t\t\t\t\t\t\t\t\t\t<\/div>\n\t\t\t\t<\/div>\n\t\t\t\t<\/div>\n\t\t<div class=\"elementor-element elementor-element-f89416c e-con-full e-flex e-con e-child\" data-id=\"f89416c\" data-element_type=\"container\" data-e-type=\"container\">\n\t\t\t\t<div class=\"elementor-element elementor-element-572cca4 elementor-widget__width-initial elementor-widget elementor-widget-heading\" data-id=\"572cca4\" data-element_type=\"widget\" data-e-type=\"widget\" data-widget_type=\"heading.default\">\n\t\t\t\t<div class=\"elementor-widget-container\">\n\t\t\t\t\t<h2 class=\"elementor-heading-title elementor-size-default\">Metal Scrap Division (Bluebrook S.R.L.)<\/h2>\t\t\t\t<\/div>\n\t\t\t\t<\/div>\n\t\t\t\t<div class=\"elementor-element elementor-element-547a89a elementor-widget elementor-widget-text-editor\" data-id=\"547a89a\" data-element_type=\"widget\" data-e-type=\"widget\" data-widget_type=\"text-editor.default\">\n\t\t\t\t<div class=\"elementor-widget-container\">\n\t\t\t\t\t\t\t\t\t<ul><li><strong>Metal Scrap Buying &amp; Selling<\/strong>: Purchase and global export of HMS1, HMS2 (Heavy Melting Steel), and non-ferrous metals like aluminum, nickel, and copper.<\/li><\/ul>\t\t\t\t\t\t\t\t<\/div>\n\t\t\t\t<\/div>\n\t\t\t\t<div class=\"elementor-element elementor-element-ef5af9d elementor-widget elementor-widget-text-editor\" data-id=\"ef5af9d\" data-element_type=\"widget\" data-e-type=\"widget\" data-widget_type=\"text-editor.default\">\n\t\t\t\t<div class=\"elementor-widget-container\">\n\t\t\t\t\t\t\t\t\t<ul><li><strong>Bulk Scrap Metal Shipping<\/strong>: Handling large-scale shipments of metal scrap for industrial clients.<\/li><\/ul>\t\t\t\t\t\t\t\t<\/div>\n\t\t\t\t<\/div>\n\t\t\t\t<div class=\"elementor-element elementor-element-6658d9b elementor-widget elementor-widget-text-editor\" data-id=\"6658d9b\" data-element_type=\"widget\" data-e-type=\"widget\" data-widget_type=\"text-editor.default\">\n\t\t\t\t<div class=\"elementor-widget-container\">\n\t\t\t\t\t\t\t\t\t<ul><li><strong>Ferrous &amp; Non-Ferrous Metal Supply<\/strong>: Supplying metal to foundries and manufacturers needing raw materials.<\/li><\/ul>\t\t\t\t\t\t\t\t<\/div>\n\t\t\t\t<\/div>\n\t\t\t\t<div class=\"elementor-element elementor-element-d3f84eb elementor-widget elementor-widget-text-editor\" data-id=\"d3f84eb\" data-element_type=\"widget\" data-e-type=\"widget\" data-widget_type=\"text-editor.default\">\n\t\t\t\t<div class=\"elementor-widget-container\">\n\t\t\t\t\t\t\t\t\t<ul><li><strong>Future Recycling Services<\/strong>: (Planned) Metal recycling services to offer sustainable solutions for scrap reuse.<\/li><\/ul>\t\t\t\t\t\t\t\t<\/div>\n\t\t\t\t<\/div>\n\t\t\t\t<\/div>\n\t\t\t\t\t<\/div>\n\t\t\t\t<\/div>\n\t\t<div class=\"elementor-element elementor-element-7bb32f8 e-flex e-con-boxed e-con e-parent\" data-id=\"7bb32f8\" data-element_type=\"container\" data-e-type=\"container\">\n\t\t\t\t\t<div class=\"e-con-inner\">\n\t\t<div class=\"elementor-element elementor-element-96a8b70 e-con-full e-flex e-con e-child\" data-id=\"96a8b70\" data-element_type=\"container\" data-e-type=\"container\">\n\t\t\t\t<div class=\"elementor-element elementor-element-a238638 elementor-widget elementor-widget-heading\" data-id=\"a238638\" data-element_type=\"widget\" data-e-type=\"widget\" data-widget_type=\"heading.default\">\n\t\t\t\t<div class=\"elementor-widget-container\">\n\t\t\t\t\t<h2 class=\"elementor-heading-title elementor-size-default\">Produce Division (Coming Soon)<\/h2>\t\t\t\t<\/div>\n\t\t\t\t<\/div>\n\t\t\t\t<div class=\"elementor-element elementor-element-c48f212 elementor-widget elementor-widget-text-editor\" data-id=\"c48f212\" data-element_type=\"widget\" data-e-type=\"widget\" data-widget_type=\"text-editor.default\">\n\t\t\t\t<div class=\"elementor-widget-container\">\n\t\t\t\t\t\t\t\t\t<ul><li><strong>Custom Produce Orders<\/strong>: Tailored produce deliveries for grocery chains, hotels, and restaurants.<\/li><\/ul>\t\t\t\t\t\t\t\t<\/div>\n\t\t\t\t<\/div>\n\t\t\t\t<div class=\"elementor-element elementor-element-7640aa2 elementor-widget elementor-widget-text-editor\" data-id=\"7640aa2\" data-element_type=\"widget\" data-e-type=\"widget\" data-widget_type=\"text-editor.default\">\n\t\t\t\t<div class=\"elementor-widget-container\">\n\t\t\t\t\t\t\t\t\t<ul><li><strong>Fresh Produce Export<\/strong>: Export of high-quality fruits and vegetables to global markets.<\/li><\/ul>\t\t\t\t\t\t\t\t<\/div>\n\t\t\t\t<\/div>\n\t\t\t\t<div class=\"elementor-element elementor-element-d657e4c elementor-widget elementor-widget-text-editor\" data-id=\"d657e4c\" data-element_type=\"widget\" data-e-type=\"widget\" data-widget_type=\"text-editor.default\">\n\t\t\t\t<div class=\"elementor-widget-container\">\n\t\t\t\t\t\t\t\t\t<ul><li><strong>Supply Chain Management<\/strong>: Handling the logistics from farm to market, ensuring freshness and quality.<\/li><\/ul>\t\t\t\t\t\t\t\t<\/div>\n\t\t\t\t<\/div>\n\t\t\t\t<\/div>\n\t\t<div class=\"elementor-element elementor-element-f139baa e-con-full e-flex e-con e-child\" data-id=\"f139baa\" data-element_type=\"container\" data-e-type=\"container\">\n\t\t\t\t<div class=\"elementor-element elementor-element-1e59d07 elementor-widget__width-initial elementor-widget elementor-widget-image\" data-id=\"1e59d07\" data-element_type=\"widget\" data-e-type=\"widget\" data-widget_type=\"image.default\">\n\t\t\t\t<div class=\"elementor-widget-container\">\n\t\t\t\t\t\t\t\t\t\t\t\t\t\t\t<img loading=\"lazy\" decoding=\"async\" width=\"1080\" height=\"1080\" src=\"https:\/\/lagunaa.com\/wp-content\/uploads\/2024\/11\/Untitled-design.png\" class=\"attachment-full size-full wp-image-2425\" alt=\"\" srcset=\"https:\/\/lagunaa.com\/wp-content\/uploads\/2024\/11\/Untitled-design.png 1080w, https:\/\/lagunaa.com\/wp-content\/uploads\/2024\/11\/Untitled-design-300x300.png 300w, https:\/\/lagunaa.com\/wp-content\/uploads\/2024\/11\/Untitled-design-1024x1024.png 1024w, https:\/\/lagunaa.com\/wp-content\/uploads\/2024\/11\/Untitled-design-150x150.png 150w, https:\/\/lagunaa.com\/wp-content\/uploads\/2024\/11\/Untitled-design-768x768.png 768w, https:\/\/lagunaa.com\/wp-content\/uploads\/2024\/11\/Untitled-design-12x12.png 12w\" sizes=\"(max-width: 1080px) 100vw, 1080px\" \/>\t\t\t\t\t\t\t\t\t\t\t\t\t\t\t<\/div>\n\t\t\t\t<\/div>\n\t\t\t\t<\/div>\n\t\t\t\t\t<\/div>\n\t\t\t\t<\/div>\n\t\t\t\t<\/div>","protected":false},"excerpt":{"rendered":"<p>Divisi\u00f3n de Gases Comprimidos(Laguna Azul S.R.L.) Suministro de Gases Industriales: Entrega de gases comprimidos como ox\u00edgeno, nitr\u00f3geno, argon y di\u00f3xido [&hellip;]<\/p>\n","protected":false},"author":1,"featured_media":0,"parent":0,"menu_order":0,"comment_status":"closed","ping_status":"closed","template":"","meta":{"site-sidebar-layout":"no-sidebar","site-content-layout":"","ast-site-content-layout":"full-width-container","site-content-style":"default","site-sidebar-style":"default","ast-global-header-display":"","ast-banner-title-visibility":"","ast-main-header-display":"","ast-hfb-above-header-display":"","ast-hfb-below-header-display":"","ast-hfb-mobile-header-display":"","site-post-title":"disabled","ast-breadcrumbs-content":"","ast-featured-img":"disabled","footer-sml-layout":"","ast-disable-related-posts":"","theme-transparent-header-meta":"","adv-header-id-meta":"","stick-header-meta":"","header-above-stick-meta":"","header-main-stick-meta":"","header-below-stick-meta":"","astra-migrate-meta-layouts":"default","ast-page-background-enabled":"default","ast-page-background-meta":{"desktop":{"background-color":"var(--ast-global-color-4)","background-image":"","background-repeat":"repeat","background-position":"center center","background-size":"auto","background-attachment":"scroll","background-type":"","background-media":"","overlay-type":"","overlay-color":"","overlay-opacity":"","overlay-gradient":""},"tablet":{"background-color":"","background-image":"","background-repeat":"repeat","background-position":"center center","background-size":"auto","background-attachment":"scroll","background-type":"","background-media":"","overlay-type":"","overlay-color":"","overlay-opacity":"","overlay-gradient":""},"mobile":{"background-color":"","background-image":"","background-repeat":"repeat","background-position":"center center","background-size":"auto","background-attachment":"scroll","background-type":"","background-media":"","overlay-type":"","overlay-color":"","overlay-opacity":"","overlay-gradient":""}},"ast-content-background-meta":{"desktop":{"background-color":"var(--ast-global-color-5)","background-image":"","background-repeat":"repeat","background-position":"center center","background-size":"auto","background-attachment":"scroll","background-type":"","background-media":"","overlay-type":"","overlay-color":"","overlay-opacity":"","overlay-gradient":""},"tablet":{"background-color":"var(--ast-global-color-5)","background-image":"","background-repeat":"repeat","background-position":"center center","background-size":"auto","background-attachment":"scroll","background-type":"","background-media":"","overlay-type":"","overlay-color":"","overlay-opacity":"","overlay-gradient":""},"mobile":{"background-color":"var(--ast-global-color-5)","background-image":"","background-repeat":"repeat","background-position":"center center","background-size":"auto","background-attachment":"scroll","background-type":"","background-media":"","overlay-type":"","overlay-color":"","overlay-opacity":"","overlay-gradient":""}},"footnotes":""},"class_list":["post-1170","page","type-page","status-publish","hentry"],"yoast_head":"<!-- This site is optimized with the Yoast SEO plugin v27.4 - https:\/\/yoast.com\/product\/yoast-seo-wordpress\/ -->\n<title>Services Range - Laguna Azul S.R.L.<\/title>\n<meta name=\"description\" content=\"Servicio\" \/>\n<meta name=\"robots\" content=\"index, follow, max-snippet:-1, max-image-preview:large, max-video-preview:-1\" \/>\n<link rel=\"canonical\" href=\"https:\/\/lagunaa.com\/en\/services\/\" \/>\n<meta property=\"og:locale\" content=\"en_US\" \/>\n<meta property=\"og:type\" content=\"article\" \/>\n<meta property=\"og:title\" content=\"Services Range - Laguna Azul S.R.L.\" \/>\n<meta property=\"og:description\" content=\"Servicio\" \/>\n<meta property=\"og:url\" content=\"https:\/\/lagunaa.com\/en\/services\/\" \/>\n<meta property=\"og:site_name\" content=\"Laguna Azul S.R.L.\" \/>\n<meta property=\"article:modified_time\" content=\"2024-12-18T06:40:46+00:00\" \/>\n<meta property=\"og:image\" content=\"https:\/\/lagunaa.com\/wp-content\/uploads\/2024\/10\/Group-37.png\" \/>\n<meta name=\"twitter:card\" content=\"summary_large_image\" \/>\n<meta name=\"twitter:label1\" content=\"Est. reading time\" \/>\n\t<meta name=\"twitter:data1\" content=\"3 minutes\" \/>\n<script type=\"application\/ld+json\" class=\"yoast-schema-graph\">{\"@context\":\"https:\\\/\\\/schema.org\",\"@graph\":[{\"@type\":\"WebPage\",\"@id\":\"https:\\\/\\\/lagunaa.com\\\/services\\\/\",\"url\":\"https:\\\/\\\/lagunaa.com\\\/services\\\/\",\"name\":\"Services Range - Laguna Azul S.R.L.\",\"isPartOf\":{\"@id\":\"https:\\\/\\\/lagunaa.com\\\/#website\"},\"primaryImageOfPage\":{\"@id\":\"https:\\\/\\\/lagunaa.com\\\/services\\\/#primaryimage\"},\"image\":{\"@id\":\"https:\\\/\\\/lagunaa.com\\\/services\\\/#primaryimage\"},\"thumbnailUrl\":\"https:\\\/\\\/lagunaa.com\\\/wp-content\\\/uploads\\\/2024\\\/10\\\/Group-37.png\",\"datePublished\":\"2024-09-25T08:10:13+00:00\",\"dateModified\":\"2024-12-18T06:40:46+00:00\",\"description\":\"Servicio\",\"breadcrumb\":{\"@id\":\"https:\\\/\\\/lagunaa.com\\\/services\\\/#breadcrumb\"},\"inLanguage\":\"en-US\",\"potentialAction\":[{\"@type\":\"ReadAction\",\"target\":[\"https:\\\/\\\/lagunaa.com\\\/services\\\/\"]}]},{\"@type\":\"ImageObject\",\"inLanguage\":\"en-US\",\"@id\":\"https:\\\/\\\/lagunaa.com\\\/services\\\/#primaryimage\",\"url\":\"https:\\\/\\\/lagunaa.com\\\/wp-content\\\/uploads\\\/2024\\\/10\\\/Group-37.png\",\"contentUrl\":\"https:\\\/\\\/lagunaa.com\\\/wp-content\\\/uploads\\\/2024\\\/10\\\/Group-37.png\"},{\"@type\":\"BreadcrumbList\",\"@id\":\"https:\\\/\\\/lagunaa.com\\\/services\\\/#breadcrumb\",\"itemListElement\":[{\"@type\":\"ListItem\",\"position\":1,\"name\":\"Home\",\"item\":\"https:\\\/\\\/lagunaa.com\\\/\"},{\"@type\":\"ListItem\",\"position\":2,\"name\":\"Services Range\"}]},{\"@type\":\"WebSite\",\"@id\":\"https:\\\/\\\/lagunaa.com\\\/#website\",\"url\":\"https:\\\/\\\/lagunaa.com\\\/\",\"name\":\"Laguna Azul S.R.L.\",\"description\":\"\",\"publisher\":{\"@id\":\"https:\\\/\\\/lagunaa.com\\\/#organization\"},\"potentialAction\":[{\"@type\":\"SearchAction\",\"target\":{\"@type\":\"EntryPoint\",\"urlTemplate\":\"https:\\\/\\\/lagunaa.com\\\/?s={search_term_string}\"},\"query-input\":{\"@type\":\"PropertyValueSpecification\",\"valueRequired\":true,\"valueName\":\"search_term_string\"}}],\"inLanguage\":\"en-US\"},{\"@type\":\"Organization\",\"@id\":\"https:\\\/\\\/lagunaa.com\\\/#organization\",\"name\":\"Laguna Azul S.R.L.\",\"url\":\"https:\\\/\\\/lagunaa.com\\\/\",\"logo\":{\"@type\":\"ImageObject\",\"inLanguage\":\"en-US\",\"@id\":\"https:\\\/\\\/lagunaa.com\\\/#\\\/schema\\\/logo\\\/image\\\/\",\"url\":\"https:\\\/\\\/lagunaa.com\\\/wp-content\\\/uploads\\\/2025\\\/02\\\/cropped-cropped-Laguna-Oxigeno-High-res-Logo-optimized.jpg\",\"contentUrl\":\"https:\\\/\\\/lagunaa.com\\\/wp-content\\\/uploads\\\/2025\\\/02\\\/cropped-cropped-Laguna-Oxigeno-High-res-Logo-optimized.jpg\",\"width\":512,\"height\":512,\"caption\":\"Laguna Azul S.R.L.\"},\"image\":{\"@id\":\"https:\\\/\\\/lagunaa.com\\\/#\\\/schema\\\/logo\\\/image\\\/\"}}]}<\/script>\n<!-- \/ Yoast SEO plugin. -->","yoast_head_json":{"title":"Services Range - Laguna Azul S.R.L.","description":"Servicio","robots":{"index":"index","follow":"follow","max-snippet":"max-snippet:-1","max-image-preview":"max-image-preview:large","max-video-preview":"max-video-preview:-1"},"canonical":"https:\/\/lagunaa.com\/en\/services\/","og_locale":"en_US","og_type":"article","og_title":"Services Range - Laguna Azul S.R.L.","og_description":"Servicio","og_url":"https:\/\/lagunaa.com\/en\/services\/","og_site_name":"Laguna Azul S.R.L.","article_modified_time":"2024-12-18T06:40:46+00:00","og_image":[{"url":"https:\/\/lagunaa.com\/wp-content\/uploads\/2024\/10\/Group-37.png","type":"","width":"","height":""}],"twitter_card":"summary_large_image","twitter_misc":{"Est. reading time":"3 minutes"},"schema":{"@context":"https:\/\/schema.org","@graph":[{"@type":"WebPage","@id":"https:\/\/lagunaa.com\/services\/","url":"https:\/\/lagunaa.com\/services\/","name":"Services Range - Laguna Azul S.R.L.","isPartOf":{"@id":"https:\/\/lagunaa.com\/#website"},"primaryImageOfPage":{"@id":"https:\/\/lagunaa.com\/services\/#primaryimage"},"image":{"@id":"https:\/\/lagunaa.com\/services\/#primaryimage"},"thumbnailUrl":"https:\/\/lagunaa.com\/wp-content\/uploads\/2024\/10\/Group-37.png","datePublished":"2024-09-25T08:10:13+00:00","dateModified":"2024-12-18T06:40:46+00:00","description":"Servicio","breadcrumb":{"@id":"https:\/\/lagunaa.com\/services\/#breadcrumb"},"inLanguage":"en-US","potentialAction":[{"@type":"ReadAction","target":["https:\/\/lagunaa.com\/services\/"]}]},{"@type":"ImageObject","inLanguage":"en-US","@id":"https:\/\/lagunaa.com\/services\/#primaryimage","url":"https:\/\/lagunaa.com\/wp-content\/uploads\/2024\/10\/Group-37.png","contentUrl":"https:\/\/lagunaa.com\/wp-content\/uploads\/2024\/10\/Group-37.png"},{"@type":"BreadcrumbList","@id":"https:\/\/lagunaa.com\/services\/#breadcrumb","itemListElement":[{"@type":"ListItem","position":1,"name":"Home","item":"https:\/\/lagunaa.com\/"},{"@type":"ListItem","position":2,"name":"Services Range"}]},{"@type":"WebSite","@id":"https:\/\/lagunaa.com\/#website","url":"https:\/\/lagunaa.com\/","name":"Laguna Azul S.R.L.","description":"","publisher":{"@id":"https:\/\/lagunaa.com\/#organization"},"potentialAction":[{"@type":"SearchAction","target":{"@type":"EntryPoint","urlTemplate":"https:\/\/lagunaa.com\/?s={search_term_string}"},"query-input":{"@type":"PropertyValueSpecification","valueRequired":true,"valueName":"search_term_string"}}],"inLanguage":"en-US"},{"@type":"Organization","@id":"https:\/\/lagunaa.com\/#organization","name":"Laguna Azul S.R.L.","url":"https:\/\/lagunaa.com\/","logo":{"@type":"ImageObject","inLanguage":"en-US","@id":"https:\/\/lagunaa.com\/#\/schema\/logo\/image\/","url":"https:\/\/lagunaa.com\/wp-content\/uploads\/2025\/02\/cropped-cropped-Laguna-Oxigeno-High-res-Logo-optimized.jpg","contentUrl":"https:\/\/lagunaa.com\/wp-content\/uploads\/2025\/02\/cropped-cropped-Laguna-Oxigeno-High-res-Logo-optimized.jpg","width":512,"height":512,"caption":"Laguna Azul S.R.L."},"image":{"@id":"https:\/\/lagunaa.com\/#\/schema\/logo\/image\/"}}]}},"rttpg_featured_image_url":null,"rttpg_author":{"display_name":"admin","author_link":"https:\/\/lagunaa.com\/en\/author\/admin\/"},"rttpg_comment":0,"rttpg_category":null,"rttpg_excerpt":"Divisi\u00f3n de Gases Comprimidos(Laguna Azul S.R.L.) Suministro de Gases Industriales: Entrega de gases comprimidos como ox\u00edgeno, nitr\u00f3geno, argon y di\u00f3xido [&hellip;]","_links":{"self":[{"href":"https:\/\/lagunaa.com\/en\/wp-json\/wp\/v2\/pages\/1170","targetHints":{"allow":["GET"]}}],"collection":[{"href":"https:\/\/lagunaa.com\/en\/wp-json\/wp\/v2\/pages"}],"about":[{"href":"https:\/\/lagunaa.com\/en\/wp-json\/wp\/v2\/types\/page"}],"author":[{"embeddable":true,"href":"https:\/\/lagunaa.com\/en\/wp-json\/wp\/v2\/users\/1"}],"replies":[{"embeddable":true,"href":"https:\/\/lagunaa.com\/en\/wp-json\/wp\/v2\/comments?post=1170"}],"version-history":[{"count":424,"href":"https:\/\/lagunaa.com\/en\/wp-json\/wp\/v2\/pages\/1170\/revisions"}],"predecessor-version":[{"id":3374,"href":"https:\/\/lagunaa.com\/en\/wp-json\/wp\/v2\/pages\/1170\/revisions\/3374"}],"wp:attachment":[{"href":"https:\/\/lagunaa.com\/en\/wp-json\/wp\/v2\/media?parent=1170"}],"curies":[{"name":"wp","href":"https:\/\/api.w.org\/{rel}","templated":true}]}}